{"id":28,"date":"2022-12-17T12:10:25","date_gmt":"2022-12-17T11:10:25","guid":{"rendered":"https:\/\/rclholding.se\/?page_id=28"},"modified":"2025-12-15T13:22:08","modified_gmt":"2025-12-15T12:22:08","slug":"hem","status":"publish","type":"page","link":"https:\/\/rclholding.se\/en\/","title":{"rendered":"Home"},"content":{"rendered":"<style>\/*! elementor - v3.9.1 - 14-12-2022 *\/\n.elementor-heading-title{padding:0;margin:0;line-height:1}.elementor-widget-heading .elementor-heading-title[class*=elementor-size-]>a{color:inherit;font-size:inherit;line-height:inherit}.elementor-widget-heading .elementor-heading-title.elementor-size-small{font-size:15px}.elementor-widget-heading .elementor-heading-title.elementor-size-medium{font-size:19px}.elementor-widget-heading .elementor-heading-title.elementor-size-large{font-size:29px}.elementor-widget-heading .elementor-heading-title.elementor-size-xl{font-size:39px}.elementor-widget-heading .elementor-heading-title.elementor-size-xxl{font-size:59px}<\/style>\n<h1><strong>Your success<\/strong><br \/>is our success<\/h1>\n<p>We create shared, long-term values by giving people, ideas and businesses opportunities to achieve success.<\/p>\n<style>\/*! elementor - v3.9.1 - 14-12-2022 *\/\n.elementor-widget-image{text-align:center}.elementor-widget-image a{display:inline-block}.elementor-widget-image a img[src$=\".svg\"]{width:48px}.elementor-widget-image img{vertical-align:middle;display:inline-block}<\/style>\n<p>\t\t\t\t\t\t\t\t\t\t\t\t<img decoding=\"async\" width=\"1320\" height=\"960\" src=\"https:\/\/rclholding.se\/wp-content\/uploads\/2023\/02\/provobis_web_person_split_v2.png\" alt=\"\" loading=\"lazy\" srcset=\"https:\/\/rclholding.se\/wp-content\/uploads\/2023\/02\/provobis_web_person_split_v2.png 1320w, https:\/\/rclholding.se\/wp-content\/uploads\/2023\/02\/provobis_web_person_split_v2-300x218.png 300w, https:\/\/rclholding.se\/wp-content\/uploads\/2023\/02\/provobis_web_person_split_v2-1024x745.png 1024w, https:\/\/rclholding.se\/wp-content\/uploads\/2023\/02\/provobis_web_person_split_v2-768x559.png 768w\" sizes=\"auto, (max-width: 1320px) 100vw, 1320px\" \/><br \/>\n\t\t\t\t\t\t\t\t\t\t\t\t\t\t\t<img decoding=\"async\" width=\"1320\" height=\"960\" src=\"https:\/\/rclholding.se\/wp-content\/uploads\/2023\/02\/provobis_web_ide_split_v2.png\" alt=\"\" loading=\"lazy\" srcset=\"https:\/\/rclholding.se\/wp-content\/uploads\/2023\/02\/provobis_web_ide_split_v2.png 1320w, https:\/\/rclholding.se\/wp-content\/uploads\/2023\/02\/provobis_web_ide_split_v2-300x218.png 300w, https:\/\/rclholding.se\/wp-content\/uploads\/2023\/02\/provobis_web_ide_split_v2-1024x745.png 1024w, https:\/\/rclholding.se\/wp-content\/uploads\/2023\/02\/provobis_web_ide_split_v2-768x559.png 768w\" sizes=\"auto, (max-width: 1320px) 100vw, 1320px\" \/><br \/>\n\t\t\t\t\t\t\t\t\t\t\t\t\t\t\t<img decoding=\"async\" width=\"1320\" height=\"960\" src=\"https:\/\/rclholding.se\/wp-content\/uploads\/2023\/02\/provobis_web_affar_split_v2.png\" alt=\"\" loading=\"lazy\" srcset=\"https:\/\/rclholding.se\/wp-content\/uploads\/2023\/02\/provobis_web_affar_split_v2.png 1320w, https:\/\/rclholding.se\/wp-content\/uploads\/2023\/02\/provobis_web_affar_split_v2-300x218.png 300w, https:\/\/rclholding.se\/wp-content\/uploads\/2023\/02\/provobis_web_affar_split_v2-1024x745.png 1024w, https:\/\/rclholding.se\/wp-content\/uploads\/2023\/02\/provobis_web_affar_split_v2-768x559.png 768w\" sizes=\"auto, (max-width: 1320px) 100vw, 1320px\" \/>\t\t\t\t\t\t\t\t\t\t\t\t\t\t\t<\/p>\n<h3>Our philosophy<\/h3>\n<p>We plan for success, not exits. Therefore, we place high demands on entrepreneurs, management and employees sharing our values, on quality focus in relation to customers and society and on a clear business plan and strategy. With the PIA model \u2013 the right person, the right idea and the right deal \u2013 we create long-term success.<\/p>\n<p>\t\t\t<a href=\"https:\/\/rclholding.se\/en\/investeringar\/\" role=\"button\"><br \/>\n\t\t\t\t\t\tThe PIA model<br \/>\n\t\t\t\t\t<\/a><\/p>\n<h4>Vi \u00e4r RCL<\/h4>\n<p>Vi planerar f\u00f6r framg\u00e5ng, inte f\u00f6rs\u00e4ljning och vi bidrar med kapital, kunskap och n\u00e4tverk till bolag som skapar v\u00e4rde l\u00e5ngsiktigt med hj\u00e4lp av skalbara aff\u00e4rsmodeller.<\/p>\n<p>\t\t\t<a href=\"https:\/\/rclholding.se\/en\/om\/\" role=\"button\"><br \/>\n\t\t\t\t\t\tL\u00e4r k\u00e4nna oss<br \/>\n\t\t\t\t\t<\/a><\/p>\n<style>\/*! elementor - v3.9.1 - 14-12-2022 *\/\n.elementor-counter .elementor-counter-number-wrapper{display:flex;font-size:69px;font-weight:600;line-height:1}.elementor-counter .elementor-counter-number-prefix,.elementor-counter .elementor-counter-number-suffix{flex-grow:1;white-space:pre-wrap}.elementor-counter .elementor-counter-number-prefix{text-align:right}.elementor-counter .elementor-counter-number-suffix{text-align:left}.elementor-counter .elementor-counter-title{text-align:center;font-size:19px;font-weight:400;line-height:2.5}<\/style>\n<p>\t\t\t\t0<br \/>\n\t\t\t\t\t\t\t\u00c5r av erfarenhet<br \/>\n\t\t\t\t0<br \/>\n\t\t\t\t\t\t\tInvesteringar i dagsl\u00e4get<br \/>\n\t\t\t\t0<br \/>\n\t\t\t\t+<br \/>\n\t\t\t\t\t\t\t\u00c5r i genomsnitt som investeringspartner<br \/>\n\t\t\t\t\t\t\t\t\t\t\t\t\t\t\t<img decoding=\"async\" width=\"1332\" height=\"970\" src=\"https:\/\/rclholding.se\/wp-content\/uploads\/2022\/12\/provobis_logotyp_negativ_v2.png\" alt=\"\" loading=\"lazy\" srcset=\"https:\/\/rclholding.se\/wp-content\/uploads\/2022\/12\/provobis_logotyp_negativ_v2.png 1332w, https:\/\/rclholding.se\/wp-content\/uploads\/2022\/12\/provobis_logotyp_negativ_v2-300x218.png 300w, https:\/\/rclholding.se\/wp-content\/uploads\/2022\/12\/provobis_logotyp_negativ_v2-1024x746.png 1024w, https:\/\/rclholding.se\/wp-content\/uploads\/2022\/12\/provobis_logotyp_negativ_v2-768x559.png 768w\" sizes=\"auto, (max-width: 1332px) 100vw, 1332px\" \/>\t\t\t\t\t\t\t\t\t\t\t\t\t\t\t<\/p>\n<h3>A part of <strong>Provobis<\/strong> <\/h3>\n<p>RCL Holding is part of Provobis Family Office together with AM Brands and we have interests and ownership in a number of different industries.<\/p>\n<p>\t\t\t<a href=\"https:\/\/provobisholding.se\/hem\/\" role=\"button\"><br \/>\n\t\t\t\t\t\tProvobis<br \/>\n\t\t\t\t\t<\/a><br \/>\n\t\t\t<a href=\"https:\/\/ambrands.se\/hem\/\" role=\"button\"><br \/>\n\t\t\t\t\t\tAM Brands<br \/>\n\t\t\t\t\t<\/a><\/p>\n<h4>Uppt\u00e4ck mer<\/h4>\n<link rel=\"stylesheet\" href=\"https:\/\/rclholding.se\/wp-content\/plugins\/elementor-pro\/assets\/css\/widget-call-to-action.min.css\">\t\t<a href=\"https:\/\/rclholding.se\/en\/om\/\"><\/p>\n<h5>About us<\/h5>\n<p>\t\t\t\t\t\tGet to know us at RCL.<br \/>\n\t\t\t\t\t\tLearn more<br \/>\n\t\t\t\t\t\t<\/a><br \/>\n\t\t\t\t\t<a href=\"https:\/\/rclholding.se\/en\/investeringar\/\"><\/p>\n<h5>Investments<\/h5>\n<p>\t\t\t\t\t\tWith the right person, idea and deal we create long-term success.<br \/>\n\t\t\t\t\t\tLearn more<br \/>\n\t\t\t\t\t\t<\/a><\/p>","protected":false},"excerpt":{"rendered":"<p>Din framg\u00e5ng\u00e4r v\u00e5r framg\u00e5ng Vi skapar gemensamma, l\u00e5ngsiktiga v\u00e4rden genom att ge personer, id\u00e9er och aff\u00e4rer m\u00f6jligheter att uppn\u00e5 framg\u00e5ng. V\u00e5r filosofi Vi planerar f\u00f6r framg\u00e5ng, inte f\u00f6rs\u00e4ljning. D\u00e4rf\u00f6r st\u00e4ller vi h\u00f6ga krav p\u00e5 att entrepren\u00f6rer, ledningar och medarbetare delar v\u00e5ra v\u00e4rderingar, p\u00e5 kvalitetsfokus i relation till kunder och samh\u00e4lle och p\u00e5 en tydlig aff\u00e4rsplan [&hellip;]<\/p>","protected":false},"author":2,"featured_media":0,"parent":0,"menu_order":0,"comment_status":"closed","ping_status":"closed","template":"elementor_header_footer","meta":{"footnotes":""},"class_list":["post-28","page","type-page","status-publish","hentry"],"_links":{"self":[{"href":"https:\/\/rclholding.se\/en\/wp-json\/wp\/v2\/pages\/28","targetHints":{"allow":["GET"]}}],"collection":[{"href":"https:\/\/rclholding.se\/en\/wp-json\/wp\/v2\/pages"}],"about":[{"href":"https:\/\/rclholding.se\/en\/wp-json\/wp\/v2\/types\/page"}],"author":[{"embeddable":true,"href":"https:\/\/rclholding.se\/en\/wp-json\/wp\/v2\/users\/2"}],"replies":[{"embeddable":true,"href":"https:\/\/rclholding.se\/en\/wp-json\/wp\/v2\/comments?post=28"}],"version-history":[{"count":67,"href":"https:\/\/rclholding.se\/en\/wp-json\/wp\/v2\/pages\/28\/revisions"}],"predecessor-version":[{"id":266,"href":"https:\/\/rclholding.se\/en\/wp-json\/wp\/v2\/pages\/28\/revisions\/266"}],"wp:attachment":[{"href":"https:\/\/rclholding.se\/en\/wp-json\/wp\/v2\/media?parent=28"}],"curies":[{"name":"wp","href":"https:\/\/api.w.org\/{rel}","templated":true}]}}